{"id":5090,"date":"2022-08-02T12:26:37","date_gmt":"2022-08-02T12:26:37","guid":{"rendered":"https:\/\/gesem.es\/?page_id=5090"},"modified":"2022-09-12T09:48:26","modified_gmt":"2022-09-12T09:48:26","slug":"politica-de-cookies","status":"publish","type":"page","link":"https:\/\/gesem.es\/ca\/politica-de-cookies\/","title":{"rendered":"Pol\u00edtica de Cookies"},"content":{"rendered":"\t\t<div data-elementor-type=\"wp-page\" data-elementor-id=\"5090\" class=\"elementor elementor-5090\" data-elementor-post-type=\"page\">\n\t\t\t\t\t\t<section class=\"elementor-section elementor-top-section elementor-element elementor-element-203ed04b elementor-section-boxed elementor-section-height-default elementor-section-height-default\" data-id=\"203ed04b\" data-element_type=\"section\" data-e-type=\"section\" data-settings=\"{&quot;background_background&quot;:&quot;classic&quot;}\">\n\t\t\t\t\t\t\t<div class=\"elementor-background-overlay\"><\/div>\n\t\t\t\t\t\t\t<div class=\"elementor-container elementor-column-gap-default\">\n\t\t\t\t\t<div class=\"elementor-column elementor-col-100 elementor-top-column elementor-element elementor-element-70f160e7\" data-id=\"70f160e7\" data-element_type=\"column\" data-e-type=\"column\">\n\t\t\t<div class=\"elementor-widget-wrap elementor-element-populated\">\n\t\t\t\t\t\t<div class=\"elementor-element elementor-element-f6c63e3 elementor-widget elementor-widget-heading\" data-id=\"f6c63e3\" data-element_type=\"widget\" data-e-type=\"widget\" data-widget_type=\"heading.default\">\n\t\t\t\t\t<h2 class=\"elementor-heading-title elementor-size-default\">Pol\u00edtica de Cookies<\/h2>\t\t\t\t<\/div>\n\t\t\t\t\t<\/div>\n\t\t<\/div>\n\t\t\t\t\t<\/div>\n\t\t<\/section>\n\t\t\t\t<section class=\"elementor-section elementor-top-section elementor-element elementor-element-2e32c4c4 elementor-section-boxed elementor-section-height-default elementor-section-height-default\" data-id=\"2e32c4c4\" data-element_type=\"section\" data-e-type=\"section\">\n\t\t\t\t\t\t<div class=\"elementor-container elementor-column-gap-default\">\n\t\t\t\t\t<div class=\"elementor-column elementor-col-100 elementor-top-column elementor-element elementor-element-d558a69\" data-id=\"d558a69\" data-element_type=\"column\" data-e-type=\"column\">\n\t\t\t<div class=\"elementor-widget-wrap elementor-element-populated\">\n\t\t\t\t\t\t<div class=\"elementor-element elementor-element-6032cfd3 elementor-widget elementor-widget-text-editor\" data-id=\"6032cfd3\" data-element_type=\"widget\" data-e-type=\"widget\" data-widget_type=\"text-editor.default\">\n\t\t\t\t\t\t\t\t\t<p><strong>\u00bfQu\u00e9 son las cookies?<\/strong><\/p><p>Las cookies son peque\u00f1os archivos de datos que se reciben en el terminal desde un sitio web visitado y se usan para registrar ciertas interacciones de la navegaci\u00f3n en un sitio web almacenando datos que podr\u00e1n ser actualizados y recuperados.<\/p><p>Estos archivos se almacenan en el ordenador del usuario y contienen datos an\u00f3nimos que no son perjudiciales para su equipo. Se utilizan para recordar las preferencias del usuario, como el idioma seleccionado, los datos de acceso o la personalizaci\u00f3n.<\/p><p>Las cookies tambi\u00e9n pueden ser utilizadas para registrar informaci\u00f3n an\u00f3nima sobre como el visitante utiliza el sitio web. Por ejemplo, desde que p\u00e1gina web se ha accedido o si ha utilizado un banner publicitario para llegar a esta.<\/p><p><strong>\u00bfQu\u00e9 usos tienen los diferentes tipos de cookies?<\/strong><\/p><p>Seg\u00fan su finalidad:<\/p><ul><li><strong>Cookies t\u00e9cnicas<\/strong><br \/>Las cookies t\u00e9cnicas son aquellas imprescindibles y estrictamente necesarias para el funcionamiento correcto de un sitio web y la utilizaci\u00f3n de las diferentes opciones y servicios que ofrece. Por ejemple, las que sirven para el mantenimiento de la sesi\u00f3n, gesti\u00f3n del tiempo de respuesta, rendimiento o validaci\u00f3n de opciones, uso de elementos de seguridad, compartici\u00f3n de contenido con redes sociales, etc.<\/li><li><strong>Cookies de personalizaci\u00f3n<\/strong><br \/>Estas cookies permiten al usuario especificar o personalizar algunas caracter\u00edsticas de las opciones generales de la p\u00e1gina web. Por ejemple, definir el idioma, la configuraci\u00f3n regional o el tipo de navegador.<\/li><li><strong>Cookies anal\u00edticas<\/strong><br \/>Las cookies anal\u00edticas son las utilizadas por nuestro sitio web para elaborar perfiles de navegaci\u00f3n y poder conocer las preferencias de los usuarios con la finalidad de mejorar la oferta de productos y servicios. Por ejemplo, mediante una cookie anal\u00edtica se controlar\u00edan las \u00e1reas geogr\u00e1ficas de m\u00e1s inter\u00e9s de un usuario, cual es el producto de m\u00e1s aceptaci\u00f3n, etc.\u00a0<\/li><li><strong>Cookies publicitarias \/ de publicidad y comportamentales<\/strong><br \/>Las cookies publicitarias permiten la gesti\u00f3n de los espacios publicitarios de acuerdo con criterios concretos. Por ejemple, la frecuencia de acceso, el contenido editado, etc. Las cookies publicitarias permiten, a trav\u00e9s de la gesti\u00f3n de la publicidad, almacenar informaci\u00f3n del comportamiento a trav\u00e9s de la observaci\u00f3n de h\u00e1bitos, estudiando los accesos y formando un perfil de preferencias del usuario, para ofrecerle publicidad relacionada con los intereses de su perfil.\u00a0<\/li><\/ul><p>Seg\u00fan plazo:<\/p><ul><li><strong>Cookies de sesi\u00f3n<\/strong> <br \/>Las cookies de sesi\u00f3n son aquellas que durante el tiempo que el usuario esta navegando por la p\u00e1gina web y se borran cuando termina.<\/li><li><strong>Cookies persistentes<\/strong> <br \/>Estas cookies quedan almacenadas en el terminal del usuario durante un tiempo m\u00e1s largo, facilitando as\u00ed el control de las preferencias escogidas sin tener que repetir ciertos par\u00e1metros cada vez que se visite el sitio web.<\/li><\/ul><p><strong>\u00bfPor qu\u00e9 utilizamos cookies?<\/strong><\/p><p>Utilizamos las cookies estrictamente necesarias y esenciales para que usted utilice nuestro sitio web y pueda moverse libremente, utilizar \u00e1reas seguras, configurar opciones personalizadas, etc. Si usted nos autoriza, podremos utilizar cookies que recogen datos relativos al an\u00e1lisis de uso de la web. Estas se utilizan para ayudar a mejorar la experiencia de uso del usuario y el rendimiento de la p\u00e1gina.<\/p><p>Este sitio web puede contener enlaces a webs de terceros o redes sociales (linkedin, twitter, etc\u2026) y se pueden instalar cookies de terceros. Nosotros no controlamos las cookies utilizadas por estos terceros en webs externas. Para m\u00e1s informaci\u00f3n sobre las cookies de webs ajenas aconsejamos de revisar sus propias pol\u00edticas de cookies.<\/p><p>Las cookies utilizadas por este sitio son:<\/p><table class=\"wp-list-table widefat fixed striped posts\"><thead><tr><th width=\"50\">#<\/th><th>Nombre<\/th><th>Tipo<\/th><th>Categor\u00eda<\/th><th>Duraci\u00f3n<\/th><\/tr><\/thead><tbody id=\"the-list\"><tr><td>1<\/td><td>test_cookie<\/td><td>0<\/td><td>Tecnicas<\/td><td>11 meses<\/td><\/tr><tr><td>2<\/td><td>cookielawinfo-checkbox-non-necessary<\/td><td>0<\/td><td>Tecnicas<\/td><td>11 meses<\/td><\/tr><tr><td>3<\/td><td>cookielawinfo-checkbox-necessary<\/td><td>0<\/td><td>Tecnicas<\/td><td>11 meses<\/td><\/tr><tr><td>4<\/td><td>viewed_cookie_policy<\/td><td>0<\/td><td>Tecnicas<\/td><td>11 meses<\/td><\/tr><\/tbody><\/table><p><strong>\u00bfC\u00f3mo administrar las cookies?<\/strong><\/p><p>Puede desactivar las cookies anal\u00edticas, publicitarias y comportamentales sin que afecte al funcionamiento del sitio web; sin embargo, la informaci\u00f3n captada por estas cookies sobre el uso de nuestra web permite mejorar nuestros servicios:<\/p><p>El interesado podr\u00e1 elegir qu\u00e9 cookies quiere que funcionen en este sitio web mediante:<\/p><p>La configuraci\u00f3n del navegador, por ejemplo:<\/p><ul><li>Chrome, desde http:\/\/support.google.com\/chrome\/bin\/answer.py?hl=es&amp;answer=95647 <br \/>Explorer, desde http:\/\/windows.microsoft.com\/es-es\/windows7\/how-to-manage-cookies-in-internet-explorer-9 <\/li><li>Firefox, desde http:\/\/support.mozilla.org\/es\/kb\/habilitar-y-deshabilitar-cookies-que-los-sitios-we <\/li><li>Safari, desde http:\/\/support.apple.com\/kb\/ph5042<\/li><\/ul><p>El sistema de gesti\u00f3n de cookies a trav\u00e9s del banner informativo.<\/p><p>Le recomendamos consultar nuestra pol\u00edtica de cookies con frecuencia para obtener informaci\u00f3n sobre posibles cambios.<\/p>\t\t\t\t\t\t\t\t<\/div>\n\t\t\t\t\t<\/div>\n\t\t<\/div>\n\t\t\t\t\t<\/div>\n\t\t<\/section>\n\t\t\t\t<\/div>\n\t\t","protected":false},"excerpt":{"rendered":"<p class=\"excerpt\">Pol\u00edtica de Cookies \u00bfQu\u00e9 son las cookies? Las cookies son peque\u00f1os archivos de datos que se reciben en el terminal desde un sitio web visitado y se usan para registrar ciertas interacciones de la navegaci\u00f3n en un sitio web almacenando datos que podr\u00e1n ser actualizados y recuperados. Estos archivos se almacenan en el ordenador del [&hellip;]<\/p>\n","protected":false},"author":2709,"featured_media":0,"parent":0,"menu_order":0,"comment_status":"closed","ping_status":"closed","template":"template-blank.php","meta":{"_acf_changed":false,"productId":0,"courseId":0,"footnotes":""},"class_list":["post-5090","page","type-page","status-publish","hentry"],"acf":{"hero_titulo":"","hero_intro":"","hero_boton_texto":"","hero_boton_url":"","hero_imagen_fondo":null,"categorias_titulo":"","intro_contenido":"","cursos_destacados_titulo":"","cursos_destacados":"","cursos_m365_titulo":"","cursos_ofimatica_titulo":"","objetivos_titulo":"","metodologia_titulo":"","beneficios_titulo":"","objetivos_html":"","metodologia_html":"","beneficios_html":"","clientes_titulo":"","contacto_titulo":"","contacto_intro":"","contacto_form_shortcode":"","meta_title":"","meta_description":""},"yoast_head":"<!-- This site is optimized with the Yoast SEO plugin v27.4 - https:\/\/yoast.com\/product\/yoast-seo-wordpress\/ -->\n<title>Pol\u00edtica de Cookies - Gesem \u00b7 Digital &amp; SoftSkills<\/title>\n<meta name=\"robots\" content=\"index, follow, max-snippet:-1, max-image-preview:large, max-video-preview:-1\" \/>\n<link rel=\"canonical\" href=\"https:\/\/gesem.es\/ca\/politica-de-cookies\/\" \/>\n<meta property=\"og:locale\" content=\"ca_ES\" \/>\n<meta property=\"og:type\" content=\"article\" \/>\n<meta property=\"og:title\" content=\"Pol\u00edtica de Cookies - Gesem \u00b7 Digital &amp; SoftSkills\" \/>\n<meta property=\"og:description\" content=\"Pol\u00edtica de Cookies \u00bfQu\u00e9 son las cookies? Las cookies son peque\u00f1os archivos de datos que se reciben en el terminal desde un sitio web visitado y se usan para registrar ciertas interacciones de la navegaci\u00f3n en un sitio web almacenando datos que podr\u00e1n ser actualizados y recuperados. Estos archivos se almacenan en el ordenador del [&hellip;]\" \/>\n<meta property=\"og:url\" content=\"https:\/\/gesem.es\/ca\/politica-de-cookies\/\" \/>\n<meta property=\"og:site_name\" content=\"Gesem \u00b7 Digital &amp; SoftSkills\" \/>\n<meta property=\"article:modified_time\" content=\"2022-09-12T09:48:26+00:00\" \/>\n<meta name=\"twitter:card\" content=\"summary_large_image\" \/>\n<meta name=\"twitter:label1\" content=\"Temps estimat de lectura\" \/>\n\t<meta name=\"twitter:data1\" content=\"4 minuts\" \/>\n<script type=\"application\/ld+json\" class=\"yoast-schema-graph\">{\"@context\":\"https:\\\/\\\/schema.org\",\"@graph\":[{\"@type\":\"WebPage\",\"@id\":\"https:\\\/\\\/gesem.es\\\/ca\\\/politica-de-cookies\\\/\",\"url\":\"https:\\\/\\\/gesem.es\\\/ca\\\/politica-de-cookies\\\/\",\"name\":\"Pol\u00edtica de Cookies - Gesem \u00b7 Digital &amp; SoftSkills\",\"isPartOf\":{\"@id\":\"https:\\\/\\\/gesem.es\\\/ca\\\/#website\"},\"datePublished\":\"2022-08-02T12:26:37+00:00\",\"dateModified\":\"2022-09-12T09:48:26+00:00\",\"breadcrumb\":{\"@id\":\"https:\\\/\\\/gesem.es\\\/ca\\\/politica-de-cookies\\\/#breadcrumb\"},\"inLanguage\":\"ca\",\"potentialAction\":[{\"@type\":\"ReadAction\",\"target\":[\"https:\\\/\\\/gesem.es\\\/ca\\\/politica-de-cookies\\\/\"]}]},{\"@type\":\"BreadcrumbList\",\"@id\":\"https:\\\/\\\/gesem.es\\\/ca\\\/politica-de-cookies\\\/#breadcrumb\",\"itemListElement\":[{\"@type\":\"ListItem\",\"position\":1,\"name\":\"Portada\",\"item\":\"https:\\\/\\\/gesem.es\\\/ca\\\/\"},{\"@type\":\"ListItem\",\"position\":2,\"name\":\"Pol\u00edtica de Cookies\"}]},{\"@type\":\"WebSite\",\"@id\":\"https:\\\/\\\/gesem.es\\\/ca\\\/#website\",\"url\":\"https:\\\/\\\/gesem.es\\\/ca\\\/\",\"name\":\"Gesem \u00b7 Digital &amp; SoftSkills\",\"description\":\"Formaci\u00f3n y consultoria\",\"publisher\":{\"@id\":\"https:\\\/\\\/gesem.es\\\/ca\\\/#organization\"},\"potentialAction\":[{\"@type\":\"SearchAction\",\"target\":{\"@type\":\"EntryPoint\",\"urlTemplate\":\"https:\\\/\\\/gesem.es\\\/ca\\\/?s={search_term_string}\"},\"query-input\":{\"@type\":\"PropertyValueSpecification\",\"valueRequired\":true,\"valueName\":\"search_term_string\"}}],\"inLanguage\":\"ca\"},{\"@type\":\"Organization\",\"@id\":\"https:\\\/\\\/gesem.es\\\/ca\\\/#organization\",\"name\":\"Gesem\",\"url\":\"https:\\\/\\\/gesem.es\\\/ca\\\/\",\"logo\":{\"@type\":\"ImageObject\",\"inLanguage\":\"ca\",\"@id\":\"https:\\\/\\\/gesem.es\\\/ca\\\/#\\\/schema\\\/logo\\\/image\\\/\",\"url\":\"https:\\\/\\\/gesem.es\\\/wp-content\\\/uploads\\\/2021\\\/11\\\/Gesem-Logo-2.png\",\"contentUrl\":\"https:\\\/\\\/gesem.es\\\/wp-content\\\/uploads\\\/2021\\\/11\\\/Gesem-Logo-2.png\",\"width\":1171,\"height\":433,\"caption\":\"Gesem\"},\"image\":{\"@id\":\"https:\\\/\\\/gesem.es\\\/ca\\\/#\\\/schema\\\/logo\\\/image\\\/\"}}]}<\/script>\n<!-- \/ Yoast SEO plugin. -->","yoast_head_json":{"title":"Pol\u00edtica de Cookies - Gesem \u00b7 Digital &amp; SoftSkills","robots":{"index":"index","follow":"follow","max-snippet":"max-snippet:-1","max-image-preview":"max-image-preview:large","max-video-preview":"max-video-preview:-1"},"canonical":"https:\/\/gesem.es\/ca\/politica-de-cookies\/","og_locale":"ca_ES","og_type":"article","og_title":"Pol\u00edtica de Cookies - Gesem \u00b7 Digital &amp; SoftSkills","og_description":"Pol\u00edtica de Cookies \u00bfQu\u00e9 son las cookies? Las cookies son peque\u00f1os archivos de datos que se reciben en el terminal desde un sitio web visitado y se usan para registrar ciertas interacciones de la navegaci\u00f3n en un sitio web almacenando datos que podr\u00e1n ser actualizados y recuperados. Estos archivos se almacenan en el ordenador del [&hellip;]","og_url":"https:\/\/gesem.es\/ca\/politica-de-cookies\/","og_site_name":"Gesem \u00b7 Digital &amp; SoftSkills","article_modified_time":"2022-09-12T09:48:26+00:00","twitter_card":"summary_large_image","twitter_misc":{"Temps estimat de lectura":"4 minuts"},"schema":{"@context":"https:\/\/schema.org","@graph":[{"@type":"WebPage","@id":"https:\/\/gesem.es\/ca\/politica-de-cookies\/","url":"https:\/\/gesem.es\/ca\/politica-de-cookies\/","name":"Pol\u00edtica de Cookies - Gesem \u00b7 Digital &amp; SoftSkills","isPartOf":{"@id":"https:\/\/gesem.es\/ca\/#website"},"datePublished":"2022-08-02T12:26:37+00:00","dateModified":"2022-09-12T09:48:26+00:00","breadcrumb":{"@id":"https:\/\/gesem.es\/ca\/politica-de-cookies\/#breadcrumb"},"inLanguage":"ca","potentialAction":[{"@type":"ReadAction","target":["https:\/\/gesem.es\/ca\/politica-de-cookies\/"]}]},{"@type":"BreadcrumbList","@id":"https:\/\/gesem.es\/ca\/politica-de-cookies\/#breadcrumb","itemListElement":[{"@type":"ListItem","position":1,"name":"Portada","item":"https:\/\/gesem.es\/ca\/"},{"@type":"ListItem","position":2,"name":"Pol\u00edtica de Cookies"}]},{"@type":"WebSite","@id":"https:\/\/gesem.es\/ca\/#website","url":"https:\/\/gesem.es\/ca\/","name":"Gesem \u00b7 Digital &amp; SoftSkills","description":"Formaci\u00f3n y consultoria","publisher":{"@id":"https:\/\/gesem.es\/ca\/#organization"},"potentialAction":[{"@type":"SearchAction","target":{"@type":"EntryPoint","urlTemplate":"https:\/\/gesem.es\/ca\/?s={search_term_string}"},"query-input":{"@type":"PropertyValueSpecification","valueRequired":true,"valueName":"search_term_string"}}],"inLanguage":"ca"},{"@type":"Organization","@id":"https:\/\/gesem.es\/ca\/#organization","name":"Gesem","url":"https:\/\/gesem.es\/ca\/","logo":{"@type":"ImageObject","inLanguage":"ca","@id":"https:\/\/gesem.es\/ca\/#\/schema\/logo\/image\/","url":"https:\/\/gesem.es\/wp-content\/uploads\/2021\/11\/Gesem-Logo-2.png","contentUrl":"https:\/\/gesem.es\/wp-content\/uploads\/2021\/11\/Gesem-Logo-2.png","width":1171,"height":433,"caption":"Gesem"},"image":{"@id":"https:\/\/gesem.es\/ca\/#\/schema\/logo\/image\/"}}]}},"_links":{"self":[{"href":"https:\/\/gesem.es\/ca\/wp-json\/wp\/v2\/pages\/5090","targetHints":{"allow":["GET"]}}],"collection":[{"href":"https:\/\/gesem.es\/ca\/wp-json\/wp\/v2\/pages"}],"about":[{"href":"https:\/\/gesem.es\/ca\/wp-json\/wp\/v2\/types\/page"}],"author":[{"embeddable":true,"href":"https:\/\/gesem.es\/ca\/wp-json\/wp\/v2\/users\/2709"}],"replies":[{"embeddable":true,"href":"https:\/\/gesem.es\/ca\/wp-json\/wp\/v2\/comments?post=5090"}],"version-history":[{"count":19,"href":"https:\/\/gesem.es\/ca\/wp-json\/wp\/v2\/pages\/5090\/revisions"}],"predecessor-version":[{"id":5276,"href":"https:\/\/gesem.es\/ca\/wp-json\/wp\/v2\/pages\/5090\/revisions\/5276"}],"wp:attachment":[{"href":"https:\/\/gesem.es\/ca\/wp-json\/wp\/v2\/media?parent=5090"}],"curies":[{"name":"wp","href":"https:\/\/api.w.org\/{rel}","templated":true}]}}