{"id":5071,"date":"2022-08-02T11:56:12","date_gmt":"2022-08-02T11:56:12","guid":{"rendered":"https:\/\/gesem.es\/?page_id=5071"},"modified":"2022-08-02T12:10:07","modified_gmt":"2022-08-02T12:10:07","slug":"aviso-legal","status":"publish","type":"page","link":"https:\/\/gesem.es\/ca\/aviso-legal\/","title":{"rendered":"Aviso Legal"},"content":{"rendered":"\t\t<div data-elementor-type=\"wp-page\" data-elementor-id=\"5071\" class=\"elementor elementor-5071\" data-elementor-post-type=\"page\">\n\t\t\t\t\t\t<section class=\"elementor-section elementor-top-section elementor-element elementor-element-556c70a8 elementor-section-boxed elementor-section-height-default elementor-section-height-default\" data-id=\"556c70a8\" data-element_type=\"section\" data-e-type=\"section\" data-settings=\"{&quot;background_background&quot;:&quot;classic&quot;}\">\n\t\t\t\t\t\t\t<div class=\"elementor-background-overlay\"><\/div>\n\t\t\t\t\t\t\t<div class=\"elementor-container elementor-column-gap-default\">\n\t\t\t\t\t<div class=\"elementor-column elementor-col-100 elementor-top-column elementor-element elementor-element-4e338859\" data-id=\"4e338859\" data-element_type=\"column\" data-e-type=\"column\">\n\t\t\t<div class=\"elementor-widget-wrap elementor-element-populated\">\n\t\t\t\t\t\t<div class=\"elementor-element elementor-element-402bd33c elementor-widget elementor-widget-heading\" data-id=\"402bd33c\" data-element_type=\"widget\" data-e-type=\"widget\" data-widget_type=\"heading.default\">\n\t\t\t\t\t<h2 class=\"elementor-heading-title elementor-size-default\">Aviso Legal<\/h2>\t\t\t\t<\/div>\n\t\t\t\t\t<\/div>\n\t\t<\/div>\n\t\t\t\t\t<\/div>\n\t\t<\/section>\n\t\t\t\t<section class=\"elementor-section elementor-top-section elementor-element elementor-element-1a107c5a elementor-section-boxed elementor-section-height-default elementor-section-height-default\" data-id=\"1a107c5a\" data-element_type=\"section\" data-e-type=\"section\">\n\t\t\t\t\t\t<div class=\"elementor-container elementor-column-gap-default\">\n\t\t\t\t\t<div class=\"elementor-column elementor-col-100 elementor-top-column elementor-element elementor-element-3ac4d7e7\" data-id=\"3ac4d7e7\" data-element_type=\"column\" data-e-type=\"column\">\n\t\t\t<div class=\"elementor-widget-wrap elementor-element-populated\">\n\t\t\t\t\t\t<div class=\"elementor-element elementor-element-796b8b51 elementor-widget elementor-widget-text-editor\" data-id=\"796b8b51\" data-element_type=\"widget\" data-e-type=\"widget\" data-widget_type=\"text-editor.default\">\n\t\t\t\t\t\t\t\t\t<p><strong>Identificaci\u00f3n del propietario de la p\u00e1gina web<br \/><\/strong><br \/><strong>GESEM CONSULTORIA I FORMACI\u00d3 S.L.<\/strong> es propietario de los nombres de dominio y p\u00e1ginas Internet a las que se accede desde el dominio www.gesem.es, www.gesem.cat, as\u00ed como los dem\u00e1s dominios registrados a su nombre.<br \/>En cumplimiento de lo dispuesto en el art\u00edculo 10 de la Ley 34\/2002, de 11 de julio, de servicios de la sociedad de la informaci\u00f3n y de comercio electr\u00f3nico y la normativa de protecci\u00f3n de datos de car\u00e1cter personal, se informa que GESEM CONSULTORIA I FORMACI\u00d3 S.L. (en adelante \u201cGRUPO GESEM\u201d) es una entidad mercantil sita en Barcelona (08010), Gran Via de les Corts Catalanes n\u00ba 645 3\u00ba-2\u00aa; inscrita en el Registro Mercantil de Barcelona, en el tomo 26.534, folio 13, hoja n\u00famero B-105.446 y con C.I.F. n\u00ba B-60441292.<\/p><p><strong>Uso de la p\u00e1gina web<\/strong><\/p><p>La web de GRUPO GESEM contiene enlaces a otros lugares web, algunos de ellos propiedad de GRUPO GESEM (en adelante denominaremos al conjunto de espacios Web propiedad de GRUPO GESEM, Sites), otros gestionados por terceros. GRUPO GESEM no se responsabiliza ni manifiesta su posici\u00f3n u opini\u00f3n de los contenidos ni del estado de estos \u00faltimos. GRUPO GESEM podr\u00e1 modificar en cualquier momento los Sites sin necesidad de previo aviso, en cuanto a su contenido y servicio, como a su dise\u00f1o. Gesem no manifiesta su posici\u00f3n u opini\u00f3n en ninguno de los contenidos, informaciones, servicios, obras o im\u00e1genes (en adelante los Contenidos) que est\u00e1n reflejados en los Sites.<\/p><p>En consecuencia, GRUPO GESEM no se har\u00e1 responsable de cualquier da\u00f1o de cualquier \u00edndole que tenga por causa directa o indirecta los Contenidos que se viertan en los Sites; como as\u00ed tampoco del uso o mal uso que de los Contenidos pudieran realizar los Usuarios, o bien terceros que pudieran acceder a los Contenidos por medio del Usuario y para que pudieran causar alg\u00fan da\u00f1o al Usuario o bien a terceros.<\/p><p>GRUPO GESEM no se har\u00e1 responsable por cualquier eventual violaci\u00f3n de los derechos de propiedad intelectual que pudieran incurrir aquellos que incorporan los Contenidos en los Sites, fueran estos personas empleados o no de GRUPO GESEM el Usuario manifiesta que no tiene ninguna restricci\u00f3n legal para hacer uso de los Sites, ni para acceder al Contenido de los mismos y que de ninguna manera se encuentra bajo la tutela de terceros que deban aplicar su discernimiento en el acceso del Usuario a los Sites de GRUPO GESEM. Queda prohibida sin autorizaci\u00f3n expresa de GRUPO GESEM, la reproducci\u00f3n, copia, distribuci\u00f3n, transformaci\u00f3n, puesta a la disposici\u00f3n del p\u00fablico, y cualquier otra actividad que se pueda realizar con la informaci\u00f3n contenida en los Sites, as\u00ed como con su dise\u00f1o y la selecci\u00f3n y forma de presentaci\u00f3n de los materiales incluidos en la misma cualquiera que fuera su finalidad y el medio utilizado para ello.<\/p>\t\t\t\t\t\t\t\t<\/div>\n\t\t\t\t\t<\/div>\n\t\t<\/div>\n\t\t\t\t\t<\/div>\n\t\t<\/section>\n\t\t\t\t<\/div>\n\t\t","protected":false},"excerpt":{"rendered":"<p class=\"excerpt\">Aviso Legal Identificaci\u00f3n del propietario de la p\u00e1gina webGESEM CONSULTORIA I FORMACI\u00d3 S.L. es propietario de los nombres de dominio y p\u00e1ginas Internet a las que se accede desde el dominio www.gesem.es, www.gesem.cat, as\u00ed como los dem\u00e1s dominios registrados a su nombre.En cumplimiento de lo dispuesto en el art\u00edculo 10 de la Ley 34\/2002, de [&hellip;]<\/p>\n","protected":false},"author":2709,"featured_media":0,"parent":0,"menu_order":0,"comment_status":"closed","ping_status":"closed","template":"template-blank.php","meta":{"_acf_changed":false,"productId":0,"courseId":0,"footnotes":""},"class_list":["post-5071","page","type-page","status-publish","hentry"],"acf":{"hero_titulo":"","hero_intro":"","hero_boton_texto":"","hero_boton_url":"","hero_imagen_fondo":null,"categorias_titulo":"","intro_contenido":"","cursos_destacados_titulo":"","cursos_destacados":"","cursos_m365_titulo":"","cursos_ofimatica_titulo":"","objetivos_titulo":"","metodologia_titulo":"","beneficios_titulo":"","objetivos_html":"","metodologia_html":"","beneficios_html":"","clientes_titulo":"","contacto_titulo":"","contacto_intro":"","contacto_form_shortcode":"","meta_title":"","meta_description":""},"yoast_head":"<!-- This site is optimized with the Yoast SEO plugin v27.4 - https:\/\/yoast.com\/product\/yoast-seo-wordpress\/ -->\n<title>Aviso Legal - Gesem \u00b7 Digital &amp; SoftSkills<\/title>\n<meta name=\"robots\" content=\"index, follow, max-snippet:-1, max-image-preview:large, max-video-preview:-1\" \/>\n<link rel=\"canonical\" href=\"https:\/\/gesem.es\/ca\/aviso-legal\/\" \/>\n<meta property=\"og:locale\" content=\"ca_ES\" \/>\n<meta property=\"og:type\" content=\"article\" \/>\n<meta property=\"og:title\" content=\"Aviso Legal - Gesem \u00b7 Digital &amp; SoftSkills\" \/>\n<meta property=\"og:description\" content=\"Aviso Legal Identificaci\u00f3n del propietario de la p\u00e1gina webGESEM CONSULTORIA I FORMACI\u00d3 S.L. es propietario de los nombres de dominio y p\u00e1ginas Internet a las que se accede desde el dominio www.gesem.es, www.gesem.cat, as\u00ed como los dem\u00e1s dominios registrados a su nombre.En cumplimiento de lo dispuesto en el art\u00edculo 10 de la Ley 34\/2002, de [&hellip;]\" \/>\n<meta property=\"og:url\" content=\"https:\/\/gesem.es\/ca\/aviso-legal\/\" \/>\n<meta property=\"og:site_name\" content=\"Gesem \u00b7 Digital &amp; SoftSkills\" \/>\n<meta property=\"article:modified_time\" content=\"2022-08-02T12:10:07+00:00\" \/>\n<meta name=\"twitter:card\" content=\"summary_large_image\" \/>\n<meta name=\"twitter:label1\" content=\"Temps estimat de lectura\" \/>\n\t<meta name=\"twitter:data1\" content=\"3 minuts\" \/>\n<script type=\"application\/ld+json\" class=\"yoast-schema-graph\">{\"@context\":\"https:\\\/\\\/schema.org\",\"@graph\":[{\"@type\":\"WebPage\",\"@id\":\"https:\\\/\\\/gesem.es\\\/ca\\\/aviso-legal\\\/\",\"url\":\"https:\\\/\\\/gesem.es\\\/ca\\\/aviso-legal\\\/\",\"name\":\"Aviso Legal - Gesem \u00b7 Digital &amp; SoftSkills\",\"isPartOf\":{\"@id\":\"https:\\\/\\\/gesem.es\\\/ca\\\/#website\"},\"datePublished\":\"2022-08-02T11:56:12+00:00\",\"dateModified\":\"2022-08-02T12:10:07+00:00\",\"breadcrumb\":{\"@id\":\"https:\\\/\\\/gesem.es\\\/ca\\\/aviso-legal\\\/#breadcrumb\"},\"inLanguage\":\"ca\",\"potentialAction\":[{\"@type\":\"ReadAction\",\"target\":[\"https:\\\/\\\/gesem.es\\\/ca\\\/aviso-legal\\\/\"]}]},{\"@type\":\"BreadcrumbList\",\"@id\":\"https:\\\/\\\/gesem.es\\\/ca\\\/aviso-legal\\\/#breadcrumb\",\"itemListElement\":[{\"@type\":\"ListItem\",\"position\":1,\"name\":\"Portada\",\"item\":\"https:\\\/\\\/gesem.es\\\/ca\\\/\"},{\"@type\":\"ListItem\",\"position\":2,\"name\":\"Aviso Legal\"}]},{\"@type\":\"WebSite\",\"@id\":\"https:\\\/\\\/gesem.es\\\/ca\\\/#website\",\"url\":\"https:\\\/\\\/gesem.es\\\/ca\\\/\",\"name\":\"Gesem \u00b7 Digital &amp; SoftSkills\",\"description\":\"Formaci\u00f3n y consultoria\",\"publisher\":{\"@id\":\"https:\\\/\\\/gesem.es\\\/ca\\\/#organization\"},\"potentialAction\":[{\"@type\":\"SearchAction\",\"target\":{\"@type\":\"EntryPoint\",\"urlTemplate\":\"https:\\\/\\\/gesem.es\\\/ca\\\/?s={search_term_string}\"},\"query-input\":{\"@type\":\"PropertyValueSpecification\",\"valueRequired\":true,\"valueName\":\"search_term_string\"}}],\"inLanguage\":\"ca\"},{\"@type\":\"Organization\",\"@id\":\"https:\\\/\\\/gesem.es\\\/ca\\\/#organization\",\"name\":\"Gesem\",\"url\":\"https:\\\/\\\/gesem.es\\\/ca\\\/\",\"logo\":{\"@type\":\"ImageObject\",\"inLanguage\":\"ca\",\"@id\":\"https:\\\/\\\/gesem.es\\\/ca\\\/#\\\/schema\\\/logo\\\/image\\\/\",\"url\":\"https:\\\/\\\/gesem.es\\\/wp-content\\\/uploads\\\/2021\\\/11\\\/Gesem-Logo-2.png\",\"contentUrl\":\"https:\\\/\\\/gesem.es\\\/wp-content\\\/uploads\\\/2021\\\/11\\\/Gesem-Logo-2.png\",\"width\":1171,\"height\":433,\"caption\":\"Gesem\"},\"image\":{\"@id\":\"https:\\\/\\\/gesem.es\\\/ca\\\/#\\\/schema\\\/logo\\\/image\\\/\"}}]}<\/script>\n<!-- \/ Yoast SEO plugin. -->","yoast_head_json":{"title":"Aviso Legal - Gesem \u00b7 Digital &amp; SoftSkills","robots":{"index":"index","follow":"follow","max-snippet":"max-snippet:-1","max-image-preview":"max-image-preview:large","max-video-preview":"max-video-preview:-1"},"canonical":"https:\/\/gesem.es\/ca\/aviso-legal\/","og_locale":"ca_ES","og_type":"article","og_title":"Aviso Legal - Gesem \u00b7 Digital &amp; SoftSkills","og_description":"Aviso Legal Identificaci\u00f3n del propietario de la p\u00e1gina webGESEM CONSULTORIA I FORMACI\u00d3 S.L. es propietario de los nombres de dominio y p\u00e1ginas Internet a las que se accede desde el dominio www.gesem.es, www.gesem.cat, as\u00ed como los dem\u00e1s dominios registrados a su nombre.En cumplimiento de lo dispuesto en el art\u00edculo 10 de la Ley 34\/2002, de [&hellip;]","og_url":"https:\/\/gesem.es\/ca\/aviso-legal\/","og_site_name":"Gesem \u00b7 Digital &amp; SoftSkills","article_modified_time":"2022-08-02T12:10:07+00:00","twitter_card":"summary_large_image","twitter_misc":{"Temps estimat de lectura":"3 minuts"},"schema":{"@context":"https:\/\/schema.org","@graph":[{"@type":"WebPage","@id":"https:\/\/gesem.es\/ca\/aviso-legal\/","url":"https:\/\/gesem.es\/ca\/aviso-legal\/","name":"Aviso Legal - Gesem \u00b7 Digital &amp; SoftSkills","isPartOf":{"@id":"https:\/\/gesem.es\/ca\/#website"},"datePublished":"2022-08-02T11:56:12+00:00","dateModified":"2022-08-02T12:10:07+00:00","breadcrumb":{"@id":"https:\/\/gesem.es\/ca\/aviso-legal\/#breadcrumb"},"inLanguage":"ca","potentialAction":[{"@type":"ReadAction","target":["https:\/\/gesem.es\/ca\/aviso-legal\/"]}]},{"@type":"BreadcrumbList","@id":"https:\/\/gesem.es\/ca\/aviso-legal\/#breadcrumb","itemListElement":[{"@type":"ListItem","position":1,"name":"Portada","item":"https:\/\/gesem.es\/ca\/"},{"@type":"ListItem","position":2,"name":"Aviso Legal"}]},{"@type":"WebSite","@id":"https:\/\/gesem.es\/ca\/#website","url":"https:\/\/gesem.es\/ca\/","name":"Gesem \u00b7 Digital &amp; SoftSkills","description":"Formaci\u00f3n y consultoria","publisher":{"@id":"https:\/\/gesem.es\/ca\/#organization"},"potentialAction":[{"@type":"SearchAction","target":{"@type":"EntryPoint","urlTemplate":"https:\/\/gesem.es\/ca\/?s={search_term_string}"},"query-input":{"@type":"PropertyValueSpecification","valueRequired":true,"valueName":"search_term_string"}}],"inLanguage":"ca"},{"@type":"Organization","@id":"https:\/\/gesem.es\/ca\/#organization","name":"Gesem","url":"https:\/\/gesem.es\/ca\/","logo":{"@type":"ImageObject","inLanguage":"ca","@id":"https:\/\/gesem.es\/ca\/#\/schema\/logo\/image\/","url":"https:\/\/gesem.es\/wp-content\/uploads\/2021\/11\/Gesem-Logo-2.png","contentUrl":"https:\/\/gesem.es\/wp-content\/uploads\/2021\/11\/Gesem-Logo-2.png","width":1171,"height":433,"caption":"Gesem"},"image":{"@id":"https:\/\/gesem.es\/ca\/#\/schema\/logo\/image\/"}}]}},"_links":{"self":[{"href":"https:\/\/gesem.es\/ca\/wp-json\/wp\/v2\/pages\/5071","targetHints":{"allow":["GET"]}}],"collection":[{"href":"https:\/\/gesem.es\/ca\/wp-json\/wp\/v2\/pages"}],"about":[{"href":"https:\/\/gesem.es\/ca\/wp-json\/wp\/v2\/types\/page"}],"author":[{"embeddable":true,"href":"https:\/\/gesem.es\/ca\/wp-json\/wp\/v2\/users\/2709"}],"replies":[{"embeddable":true,"href":"https:\/\/gesem.es\/ca\/wp-json\/wp\/v2\/comments?post=5071"}],"version-history":[{"count":7,"href":"https:\/\/gesem.es\/ca\/wp-json\/wp\/v2\/pages\/5071\/revisions"}],"predecessor-version":[{"id":5086,"href":"https:\/\/gesem.es\/ca\/wp-json\/wp\/v2\/pages\/5071\/revisions\/5086"}],"wp:attachment":[{"href":"https:\/\/gesem.es\/ca\/wp-json\/wp\/v2\/media?parent=5071"}],"curies":[{"name":"wp","href":"https:\/\/api.w.org\/{rel}","templated":true}]}}