{"id":13251,"date":"2023-10-16T15:00:37","date_gmt":"2023-10-16T15:00:37","guid":{"rendered":"https:\/\/gesem.es\/politica-de-privacitat\/"},"modified":"2023-10-16T15:00:38","modified_gmt":"2023-10-16T15:00:38","slug":"politica-de-privacitat","status":"publish","type":"page","link":"https:\/\/gesem.es\/ca\/politica-de-privacitat\/","title":{"rendered":"Pol\u00edtica de Privacitat"},"content":{"rendered":"\t\t<div data-elementor-type=\"wp-page\" data-elementor-id=\"13251\" class=\"elementor elementor-13251 elementor-1689\" data-elementor-post-type=\"page\">\n\t\t\t\t\t\t<section class=\"elementor-section elementor-top-section elementor-element elementor-element-a9728d7 elementor-section-boxed elementor-section-height-default elementor-section-height-default\" data-id=\"a9728d7\" data-element_type=\"section\" data-e-type=\"section\" data-settings=\"{&quot;background_background&quot;:&quot;classic&quot;}\">\n\t\t\t\t\t\t\t<div class=\"elementor-background-overlay\"><\/div>\n\t\t\t\t\t\t\t<div class=\"elementor-container elementor-column-gap-default\">\n\t\t\t\t\t<div class=\"elementor-column elementor-col-100 elementor-top-column elementor-element elementor-element-513848c\" data-id=\"513848c\" data-element_type=\"column\" data-e-type=\"column\">\n\t\t\t<div class=\"elementor-widget-wrap elementor-element-populated\">\n\t\t\t\t\t\t<div class=\"elementor-element elementor-element-5a56a14 elementor-widget elementor-widget-heading\" data-id=\"5a56a14\" data-element_type=\"widget\" data-e-type=\"widget\" data-widget_type=\"heading.default\">\n\t\t\t\t\t<h2 class=\"elementor-heading-title elementor-size-default\">Pol\u00edtica de Privacitat<\/h2>\t\t\t\t<\/div>\n\t\t\t\t\t<\/div>\n\t\t<\/div>\n\t\t\t\t\t<\/div>\n\t\t<\/section>\n\t\t\t\t<section class=\"elementor-section elementor-top-section elementor-element elementor-element-c4b1cf9 elementor-section-boxed elementor-section-height-default elementor-section-height-default\" data-id=\"c4b1cf9\" data-element_type=\"section\" data-e-type=\"section\">\n\t\t\t\t\t\t<div class=\"elementor-container elementor-column-gap-default\">\n\t\t\t\t\t<div class=\"elementor-column elementor-col-100 elementor-top-column elementor-element elementor-element-3495855\" data-id=\"3495855\" data-element_type=\"column\" data-e-type=\"column\">\n\t\t\t<div class=\"elementor-widget-wrap elementor-element-populated\">\n\t\t\t\t\t\t<div class=\"elementor-element elementor-element-faf9b01 elementor-widget elementor-widget-text-editor\" data-id=\"faf9b01\" data-element_type=\"widget\" data-e-type=\"widget\" data-widget_type=\"text-editor.default\">\n\t\t\t\t\t\t\t\t\t<p><strong>Identificaci\u00f3 dels responsables<\/strong><\/p>\n<p>D&#8217;acord amb la normativa en protecci\u00f3 de dades us informem que els Responsables del Tractament de dades s\u00f3n GESEM CONSULTORIA I FORMACI\u00d3, S.L. amb CIF B-60441292, VEVENTI CONSULTING, S.L. amb CIF B-61630877 i TRAINING SITE, S.L. B-64740095 (d&#8217;ara endavant \u201cGRUP GESEM\u201d) i domicili de contacte a Gran Via de les Corts Catalanes, n\u00fam. 645 3r-2a 08010 Barcelona, \u200b\u200btel\u00e8fon 93 459 30 86 i correu electr\u00f2nic infoempresa@gesem.es.<\/p>\n<p><strong>\u00das i finalitat de les dades obtingudes<\/strong><\/p>\n<p>Les dades que us sol\u00b7licitem en els diferents formularis i correus electr\u00f2nics s\u00f3n per:<\/p>\n<ul>\n<li>Gestionar els serveis contractats<\/li>\n<li>Gestionar la petici\u00f3 sol\u00b7licitada<\/li>\n<li>Enviar informaci\u00f3 dels nostres productes i serveis<\/li>\n<\/ul>\n<p>Les dades sol\u00b7licitades s\u00f3n les adequades, pertinents i estrictament necess\u00e0ries per a la finalitat de gestionar i tramitar la petici\u00f3 que ens ha realitzat i poder enviar-li informaci\u00f3 dels nostres serveis, i en cap cas est\u00e0 obligat a facilitar-los. Les dades d&#8217;emplenament obligat\u00f2ria s&#8217;especifiquen al mateix formulari, i la negativa a subministrar-les implicar\u00e0 no poder gestionar la vostra petici\u00f3. Aix\u00ed mateix, ens assegura que totes les dades facilitades s\u00f3n certes, veraces i pertinents per a la finalitat per la qual les sol\u00b7licitem.<\/p>\n<p>Les dades personals proporcionades es conservaran mentre es mantingui la relaci\u00f3 comercial, i una vegada finalitzi la relaci\u00f3 esmentada es mantindran bloquejats el temps legalment establert, abans de la seva destrucci\u00f3 o que l&#8217;interessat les cancel\u00b7li.<br \/>\nL&#8217;enviament dels mateixos implica la seva autoritzaci\u00f3 expressa a incorporar-los als nostres fitxers corresponents, sempre que l&#8217;EMPRESA ho consideri convenient per a la gesti\u00f3 de la petici\u00f3 que sol\u00b7licite.<\/p>\n<p>\u00c9s important que perqu\u00e8 puguem mantenir les seves dades personals actualitzades, ens informi sempre que hi hagi alguna modificaci\u00f3. En cas contrari, no responem de la veracitat dels mateixos.<\/p>\n<p><strong>Legitimaci\u00f3 del tractament de les dades<\/strong><\/p>\n<p>La base legal i legitimaci\u00f3 del tractament de les dades dels interessats poden ser: la relaci\u00f3 contractual que vincula l&#8217;interessat amb GRUP GESEM o l&#8217;acceptaci\u00f3 de la present pol\u00edtica de privadesa, per part de l&#8217;interessat, als formularis d\u00f3na el seu consentiment expr\u00e9s i inequ\u00edvoc al tractament d&#8217;aquests, sempre que GRUP GESEM ho consideri convenient per a la gesti\u00f3 de la petici\u00f3 que sol\u00b7licite.<\/p>\n<p><strong>Destinataris<\/strong><\/p>\n<p>Us informem que les vostres dades nom\u00e9s seran cedides en els casos legalment establerts o per q\u00fcestions necess\u00e0ries de la prestaci\u00f3 del servei.<\/p>\n<p><strong>Conservaci\u00f3 de les dades<\/strong><\/p>\n<p>Les dades personals proporcionades es conservaran:<\/p>\n<ul>\n<li>Prestaci\u00f3 del servei: les dades es conservaran el temps legalment establert un cop finalitzi la prestaci\u00f3 del servei<\/li>\n<li>Peticions dels interessats: fins que es resolgui la petici\u00f3 de l&#8217;interessat.<\/li>\n<li>Enviament de comunicacions: fins que l&#8217;interessat no s&#8217;hi oposi.<\/li>\n<\/ul>\n<p><strong>Seguretat de les dades<\/strong><\/p>\n<p>Les dades recopilades s\u00f3n propietat de GRUP GESEM i s&#8217;emmagatzemen dins de l&#8217;Espai Econ\u00f2mic Europeu (EEE). GRUP GESEM garanteix les mesures t\u00e8cniques i organitzatives necess\u00e0ries per a la seguretat i la integritat de les dades personals que tracta, d&#8217;acord amb la legislaci\u00f3 vigent, tenint en compte l&#8217;estat de la tecnologia, la naturalesa de les dades emmagatzemades, i els riscos a qu\u00e8 estan exposats, ja provinguin de lacci\u00f3 humana o del medi f\u00edsic o natural.<\/p>\n<p><strong>Drets dels interessats<\/strong><\/p>\n<p>El titular de les dades personals t\u00e9 dret a:<\/p>\n<ul>\n<li>Obtenir confirmaci\u00f3 sobre si el Responsable est\u00e0 tractant les dades personals que els concerneixin, o no.<\/li>\n<li>Accedir a les vostres dades personals, aix\u00ed com a sol\u00b7licitar la rectificaci\u00f3 de les dades inexactes o, si escau, sol\u00b7licitar la seva supressi\u00f3 quan, entre altres motius, les dades ja no siguin necess\u00e0ries per als fins que van ser recollides.<\/li >\n<li>En determinades circumst\u00e0ncies, els interessats podran sol\u00b7licitar la limitaci\u00f3 del tractament de les seves dades, i en este cas \u00fanicament el Responsable les conservar\u00e0 per a l&#8217;exercici o la defensa de reclamacions.<\/li>\n<li>En determinades circumst\u00e0ncies i per motius relacionats amb la seva situaci\u00f3 particular, els interessats podran oposar-se al tractament de les dades.<\/li>\n<li>En determinades circumst\u00e0ncies, en virtut del dret de portabilitat, els interessats tindran dret a obtenir les seves dades personals en un format estructurat d\u00fas com\u00fa i lectura mec\u00e0nica i transmetre-ho a un altre responsable.<\/li>\n<\/ul>\n<p>L&#8217;interessat pot exercir els drets d&#8217;acc\u00e9s, rectificaci\u00f3, cancel\u00b7laci\u00f3, oposici\u00f3, limitaci\u00f3 i portabilitat al tractament de les vostres dades personals mitjan\u00e7ant correu electr\u00f2nic a l&#8217;adre\u00e7a infoempresa@gesem.es oa l&#8217;adre\u00e7a f\u00edsica Gran Via de les Corts Catalanes n\u00fam. 645 3r-2a 08010 Barcelona. Indicar a l&#8217;assumpte \u201cProtecci\u00f3 de Dades\u201d i acompanyar la sol\u00b7licitud una c\u00f2pia del DNI o document d&#8217;identificaci\u00f3 equivalent. Si considereu que els vostres drets no s&#8217;han at\u00e8s adequadament, teniu dret a presentar una reclamaci\u00f3 davant l&#8217;Ag\u00e8ncia Espanyola de Protecci\u00f3 de Dades.<\/p>\n<p><strong>Condicions de tractament de les dades personals dels clients de GRUPO GESEM com a encarregat de tractament<\/strong><\/p>\n<p>En el cas que a causa de la naturalesa dels serveis prestats per GRUPO GESEM pugui requerir l&#8217;acc\u00e9s i el tractament per part d&#8217;aquest d&#8217;informaci\u00f3 i dades de car\u00e0cter personal responsabilitat del CLIENT. En virtut del que disposa la normativa de protecci\u00f3 dades, aquest acc\u00e9s ser\u00e0 considerat amb car\u00e0cter general com un acc\u00e9s a dades per compte de tercers i GRUP GESEM com ENCARREGAT DEL TRACTAMENT.<br \/>\nQue en compliment de la normativa vigent en Protecci\u00f3 de Dades de Car\u00e0cter Personal, ambdues parts acorden lliurement regular lacc\u00e9s i tractament de les dades de car\u00e0cter personal esmentades, en base a les seg\u00fcents.<\/p>\n<p style=\"text-align: center;\">CL\u00c0USULES<\/p>\n<p>PRIMERA. &#8211; Objecte: el tractament de les dades de car\u00e0cter personal que el CLIENT posa a disposici\u00f3 de GRUP GESEM perqu\u00e8 aquest pugui prestar els serveis contractats.<\/p>\n<p>SEGONA.- Durada: el termini de vig\u00e8ncia sestableix en virtut de lacord mercantil que sha formalitzat entre ambdues parts.<\/p>\n<p>TERCERA. &#8211; Finalitat del tractament: l&#8217;acc\u00e9s per part de GRUP GESEM a les dades de car\u00e0cter personal que es troben als sistemes de tractament del CLIENT, ser\u00e0 \u00fanica i exclusivament per donar compliment a les finalitats relacionades amb l&#8217;objecte del contracte.<\/p>\n<p>QUARTA. &#8211; GRUP GESEM podr\u00e0 accedir a les categories d&#8217;interessats i de dades seg\u00fcents:<\/p>\n<ul>\n<li>Categoria d&#8217;interessats: clients, treballadors, usuaris<\/li>\n<li>Tipologia de dades: dades de car\u00e0cter identificatiu, dades de caracter\u00edstiques personals, acad\u00e8miques i professionals, detalls d&#8217;ocupaci\u00f3.<\/li>\n<\/ul>\n<p>CINQUENA. &#8211; Obligacions de les parts: les obligacions de Responsable i Encarregat es recolliran a les cl\u00e0usules SISENA i SETENA, sense que puguin considerar-se corresponsables del tractament.<\/p>\n<p>SISENA. &#8211; Obligacions i drets del Responsable de Tractament (EL CLIENT): segons all\u00f2 establert a la normativa vigent en Protecci\u00f3 de Dades de Car\u00e0cter Personal el Responsable de Tractament haur\u00e0 de:<\/p>\n<p>a) Aplicar mesures t\u00e8cniques i organitzatives apropiades per tal de garantir i poder demostrar que el tractament \u00e9s conforme a la legislaci\u00f3 vigent.<\/p>\n<p>b) Adoptar les pol\u00edtiques en mat\u00e8ria de protecci\u00f3 de dades.<\/p>\n<p>c) Garantir que el Delegat de Protecci\u00f3 de Dades o, si no n&#8217;hi ha, el Responsable de Privadesa participi de forma adequada i en temps oport\u00fa en totes les q\u00fcestions relatives a la protecci\u00f3 de dades personals.<\/p>\n<p>d) Portar un registre d&#8217;activitats de tractament en cas de tractar dades personals que suposin un risc per als drets i les llibertats de l&#8217;interessat i\/o de manera no ocasional, o que impliqui el tractament de categories especials de dades i\/o dades relatives a condemnes i infraccions.<\/p>\n<p>e) Posar a disposici\u00f3 dels interessats els aspectes essencials del present acord.<\/p>\n<p>f) Atendre indistintament els exercicis de dret establerts a la normativa vigent en Protecci\u00f3 de Dades de Car\u00e0cter Personal i complint les estipulacions que s&#8217;indiquen a la cl\u00e0usula VUITENA encara que aquest exercici es dirigeixi davant l&#8217;Encarregat de Tractament.<\/p>\n<p>SETENA. &#8211; Obligacions i drets de l&#8217;Encarregat de Tractament (GRUP GESEM): segons el que estableix la normativa vigent en Protecci\u00f3 de Dades de Car\u00e0cter Personal, l&#8217;Encarregat de Tractament haur\u00e0 de:<\/p>\n<p>a) Tractar les dades personals \u00fanicament seguint instruccions documentades del responsable, inclusivament pel que fa a les transfer\u00e8ncies de dades personals a un tercer pa\u00eds o una organitzaci\u00f3 internacional, llevat que hi estigui obligat en virtut del Dret de la Uni\u00f3 o dels Estats membres que s&#8217;apliqui a l&#8217;encarregat; en aquest cas, l&#8217;encarregat informar\u00e0 el responsable d&#8217;aquesta exig\u00e8ncia legal pr\u00e8via al tractament, llevat que aquest dret ho prohibeixi per raons importants d&#8217;inter\u00e8s p\u00fablic.<\/p>\n<p>b) Garantir que les persones autoritzades per tractar dades personals s&#8217;hagin comprom\u00e8s a respectar la confidencialitat o estiguin subjectes a una obligaci\u00f3 de confidencialitat de naturalesa estatut\u00e0ria.<\/p>\n<p>c) Prendre totes les mesures t\u00e8cniques i organitzatives apropiades per garantir un nivell de seguretat adequat al risc del tractament.<\/p>\n<p>d) Respectar les condicions per rec\u00f3rrer a un altre Encarregat de Tractament, segons el que estableix la normativa vigent en Protecci\u00f3 de Dades de Car\u00e0cter Personal.<\/p>\n<p>e) Assistir el responsable, tenint en compte la naturalesa del tractament, a trav\u00e9s de mesures t\u00e8cniques i organitzatives apropiades, sempre que sigui possible, perqu\u00e8 aquest pugui complir la seva obligaci\u00f3 de respondre a les sol\u00b7licituds que tinguin per objecte l&#8217;exercici dels drets dels interessats.<\/p>\n<p>f) Ajudar el responsable a garantir el compliment de les seves obligacions, tenint en compte la naturalesa del tractament i la informaci\u00f3 que est\u00e0 a la vostra disposici\u00f3.<\/p>\n<p>g) A elecci\u00f3 del responsable, suprimir o tornar totes les dades personals una vegada finalitzi la prestaci\u00f3 dels serveis de tractament, i suprimir les c\u00f2pies existents llevat que es requereixi la conservaci\u00f3 de les dades personals en virtut del Dret de la Uni\u00f3 o de els estats membres.<\/p>\n<p>h) Posar a disposici\u00f3 del responsable tota la informaci\u00f3 necess\u00e0ria per demostrar el compliment de les obligacions establertes en aquest article, aix\u00ed com per permetre i contribuir a la realitzaci\u00f3 d&#8217;auditories, incloses inspeccions, per part del responsable o d&#8217;un altre auditor autoritzat per aquest responsable.<\/p>\n<p>i) Tractar les dades personals posades a disposici\u00f3 de l&#8217;encarregat de tractament de manera que garanteixi que el personal a c\u00e0rrec seu segueix amb les instruccions del responsable de tractament.<\/p>\n<p>j) Garantir que el Delegat de Protecci\u00f3 de Dades o, si no n&#8217;hi ha, el Responsable de Privadesa participi de forma adequada i en temps oport\u00fa en totes les q\u00fcestions relatives a la protecci\u00f3 de dades personals.<\/p>\n<p>k) Portar un registre d&#8217;activitats de tractament en cas de tractar dades personals que suposin un risc per als drets i les llibertats de l&#8217;interessat i\/o de manera no ocasional, o que impliqui el tractament de categories especials de dades i\/o dades relatives a condemnes i infraccions.<\/p>\n<p>l) Informar el Responsable dels exercicis de dret establerts a la normativa vigent en Protecci\u00f3 de Dades de Car\u00e0cter Personal dels quals tingui not\u00edcia, i complint les estipulacions que s&#8217;indiquen a la cl\u00e0usula VUITENA.<\/p>\n<p>VUITENA. &#8211; EL CLIENT autoritza GRUP GESEM a poder contractar tercers per poder auxiliar-se en la gesti\u00f3 dels serveis objecte del contracte. GRUP GESEM signar\u00e0 amb aquests tercers un contracte amb les obligacions establertes en aquest contracte.<\/p>\n<p>NOVENA. &#8211; Exercici de drets per part de l&#8217;interessat: si l&#8217;interessat dirigeix \u200b\u200balguna sol\u00b7licitud o exerceix algun dels drets establerts a la normativa vigent en Protecci\u00f3 de Dades de Car\u00e0cter Personal, el Responsable de Tractament haur\u00e0 de facilitar-li la informaci\u00f3 sobre les actuacions sol\u00b7licitades i realitzades, sense demora i dins dels terminis establerts a la llei, tenint en compte la complexitat de la sol\u00b7licitud i el nombre de les sol\u00b7licituds.<br \/>\nEn el mateix sentit, per\u00f2 en cas que el Responsable de Tractament no doni curs a la sol\u00b7licitud de l&#8217;interessat, us informar\u00e0 sense demora de les raons per les quals no ha actuat i de la possibilitat de presentar una reclamaci\u00f3 davant una Autoritat de Control i dinterposar recurs judicial.<br \/>\nLa resposta a la sol\u00b7licitud a l&#8217;exercici de dret es realitzar\u00e0 en el mateix format que l&#8217;interessat hagi utilitzat, llevat que sol\u00b7licite que es procedeixi d&#8217;una altra manera.<\/p>\n<p>DESENA. &#8211; Transfer\u00e8ncia internacional de dades: les transfer\u00e8ncies internacionals de dades personals nom\u00e9s es poden fer si es compleixen amb les exig\u00e8ncies recollides per l&#8217;Ag\u00e8ncia Espanyola de Protecci\u00f3 de Dades, o qualsevol altra normativa nacional o comunit\u00e0ria que les regulin.<\/p>\n<p>ONZENA. &#8211; Violaci\u00f3 de seguretat de les dades: tant quan hi hagi una instrucci\u00f3 de l&#8217;autoritat de control, un desenvolupament legislatiu nacional que reguli aquestes comunicacions o un acte delegat, en cas de violaci\u00f3 de la seguretat de les dades personals, el Responsable de Tractament i \/o l&#8217;Encarregat de Tractament la notificar\u00e0 a l&#8217;Autoritat de Control competent sense dilaci\u00f3 indeguda i, si \u00e9s possible, com a molt tard 72 hores despr\u00e9s que hagi tingut.<\/p>\n<p><strong>Actualitzaci\u00f3 de la pol\u00edtica de privadesa<\/strong><\/p>\n<p>GRUP GESEM podr\u00e0 actualitzar aquesta Pol\u00edtica de Privadesa en qualsevol moment. Es comunicar\u00e0 a l&#8217;Usuari qualsevol actualitzaci\u00f3 que suposi nous tractaments de dades o un canvi transcendent de la mateixa. \u00c9s per aix\u00f2 que recomanem a l&#8217;Usuari que, de manera peri\u00f2dica, revisi aquesta pol\u00edtica de privadesa.<\/p>\n\t\t\t\t\t\t\t\t<\/div>\n\t\t\t\t\t<\/div>\n\t\t<\/div>\n\t\t\t\t\t<\/div>\n\t\t<\/section>\n\t\t\t\t<\/div>\n\t\t","protected":false},"excerpt":{"rendered":"<p class=\"excerpt\">Pol\u00edtica de Privacitat Identificaci\u00f3 dels responsables D&#8217;acord amb la normativa en protecci\u00f3 de dades us informem que els Responsables del Tractament de dades s\u00f3n GESEM CONSULTORIA I FORMACI\u00d3, S.L. amb CIF B-60441292, VEVENTI CONSULTING, S.L. amb CIF B-61630877 i TRAINING SITE, S.L. B-64740095 (d&#8217;ara endavant \u201cGRUP GESEM\u201d) i domicili de contacte a Gran Via de [&hellip;]<\/p>\n","protected":false},"author":2709,"featured_media":0,"parent":0,"menu_order":0,"comment_status":"closed","ping_status":"closed","template":"template-blank.php","meta":{"_acf_changed":false,"productId":0,"courseId":0,"footnotes":""},"class_list":["post-13251","page","type-page","status-publish","hentry"],"acf":{"hero_titulo":"","hero_intro":"","hero_boton_texto":"","hero_boton_url":"","hero_imagen_fondo":null,"categorias_titulo":"","intro_contenido":"","cursos_destacados_titulo":"","cursos_destacados":"","cursos_m365_titulo":"","cursos_ofimatica_titulo":"","objetivos_titulo":"","metodologia_titulo":"","beneficios_titulo":"","objetivos_html":"","metodologia_html":"","beneficios_html":"","clientes_titulo":"","contacto_titulo":"","contacto_intro":"","contacto_form_shortcode":"","meta_title":"","meta_description":""},"yoast_head":"<!-- This site is optimized with the Yoast SEO plugin v27.4 - https:\/\/yoast.com\/product\/yoast-seo-wordpress\/ -->\n<title>Pol\u00edtica de Privacitat | Gesem<\/title>\n<meta name=\"description\" content=\"La nostra pol\u00edtica de privacitat, qualsevol dubte pots contactar amb nosaltres o per consultar els nostres serveis de formaci\u00f3 per a empreses.\" \/>\n<meta name=\"robots\" content=\"noindex, nofollow\" \/>\n<meta property=\"og:locale\" content=\"ca_ES\" \/>\n<meta property=\"og:type\" content=\"article\" \/>\n<meta property=\"og:title\" content=\"Pol\u00edtica de Privacitat | Gesem\" \/>\n<meta property=\"og:description\" content=\"La nostra pol\u00edtica de privacitat, qualsevol dubte pots contactar amb nosaltres o per consultar els nostres serveis de formaci\u00f3 per a empreses.\" \/>\n<meta property=\"og:url\" content=\"https:\/\/gesem.es\/ca\/politica-de-privacitat\/\" \/>\n<meta property=\"og:site_name\" content=\"Gesem \u00b7 Digital &amp; SoftSkills\" \/>\n<meta property=\"article:modified_time\" content=\"2023-10-16T15:00:38+00:00\" \/>\n<meta name=\"twitter:card\" content=\"summary_large_image\" \/>\n<meta name=\"twitter:label1\" content=\"Temps estimat de lectura\" \/>\n\t<meta name=\"twitter:data1\" content=\"11 minuts\" \/>\n<script type=\"application\/ld+json\" class=\"yoast-schema-graph\">{\"@context\":\"https:\\\/\\\/schema.org\",\"@graph\":[{\"@type\":\"WebPage\",\"@id\":\"https:\\\/\\\/gesem.es\\\/ca\\\/politica-de-privacitat\\\/\",\"url\":\"https:\\\/\\\/gesem.es\\\/ca\\\/politica-de-privacitat\\\/\",\"name\":\"Pol\u00edtica de Privacitat | Gesem\",\"isPartOf\":{\"@id\":\"https:\\\/\\\/gesem.es\\\/ca\\\/#website\"},\"datePublished\":\"2023-10-16T15:00:37+00:00\",\"dateModified\":\"2023-10-16T15:00:38+00:00\",\"description\":\"La nostra pol\u00edtica de privacitat, qualsevol dubte pots contactar amb nosaltres o per consultar els nostres serveis de formaci\u00f3 per a empreses.\",\"breadcrumb\":{\"@id\":\"https:\\\/\\\/gesem.es\\\/ca\\\/politica-de-privacitat\\\/#breadcrumb\"},\"inLanguage\":\"ca\",\"potentialAction\":[{\"@type\":\"ReadAction\",\"target\":[\"https:\\\/\\\/gesem.es\\\/ca\\\/politica-de-privacitat\\\/\"]}]},{\"@type\":\"BreadcrumbList\",\"@id\":\"https:\\\/\\\/gesem.es\\\/ca\\\/politica-de-privacitat\\\/#breadcrumb\",\"itemListElement\":[{\"@type\":\"ListItem\",\"position\":1,\"name\":\"Portada\",\"item\":\"https:\\\/\\\/gesem.es\\\/ca\\\/\"},{\"@type\":\"ListItem\",\"position\":2,\"name\":\"Pol\u00edtica de Privacitat\"}]},{\"@type\":\"WebSite\",\"@id\":\"https:\\\/\\\/gesem.es\\\/ca\\\/#website\",\"url\":\"https:\\\/\\\/gesem.es\\\/ca\\\/\",\"name\":\"Gesem \u00b7 Digital &amp; SoftSkills\",\"description\":\"Formaci\u00f3n y consultoria\",\"publisher\":{\"@id\":\"https:\\\/\\\/gesem.es\\\/ca\\\/#organization\"},\"potentialAction\":[{\"@type\":\"SearchAction\",\"target\":{\"@type\":\"EntryPoint\",\"urlTemplate\":\"https:\\\/\\\/gesem.es\\\/ca\\\/?s={search_term_string}\"},\"query-input\":{\"@type\":\"PropertyValueSpecification\",\"valueRequired\":true,\"valueName\":\"search_term_string\"}}],\"inLanguage\":\"ca\"},{\"@type\":\"Organization\",\"@id\":\"https:\\\/\\\/gesem.es\\\/ca\\\/#organization\",\"name\":\"Gesem\",\"url\":\"https:\\\/\\\/gesem.es\\\/ca\\\/\",\"logo\":{\"@type\":\"ImageObject\",\"inLanguage\":\"ca\",\"@id\":\"https:\\\/\\\/gesem.es\\\/ca\\\/#\\\/schema\\\/logo\\\/image\\\/\",\"url\":\"https:\\\/\\\/gesem.es\\\/wp-content\\\/uploads\\\/2021\\\/11\\\/Gesem-Logo-2.png\",\"contentUrl\":\"https:\\\/\\\/gesem.es\\\/wp-content\\\/uploads\\\/2021\\\/11\\\/Gesem-Logo-2.png\",\"width\":1171,\"height\":433,\"caption\":\"Gesem\"},\"image\":{\"@id\":\"https:\\\/\\\/gesem.es\\\/ca\\\/#\\\/schema\\\/logo\\\/image\\\/\"}}]}<\/script>\n<!-- \/ Yoast SEO plugin. -->","yoast_head_json":{"title":"Pol\u00edtica de Privacitat | Gesem","description":"La nostra pol\u00edtica de privacitat, qualsevol dubte pots contactar amb nosaltres o per consultar els nostres serveis de formaci\u00f3 per a empreses.","robots":{"index":"noindex","follow":"nofollow"},"og_locale":"ca_ES","og_type":"article","og_title":"Pol\u00edtica de Privacitat | Gesem","og_description":"La nostra pol\u00edtica de privacitat, qualsevol dubte pots contactar amb nosaltres o per consultar els nostres serveis de formaci\u00f3 per a empreses.","og_url":"https:\/\/gesem.es\/ca\/politica-de-privacitat\/","og_site_name":"Gesem \u00b7 Digital &amp; SoftSkills","article_modified_time":"2023-10-16T15:00:38+00:00","twitter_card":"summary_large_image","twitter_misc":{"Temps estimat de lectura":"11 minuts"},"schema":{"@context":"https:\/\/schema.org","@graph":[{"@type":"WebPage","@id":"https:\/\/gesem.es\/ca\/politica-de-privacitat\/","url":"https:\/\/gesem.es\/ca\/politica-de-privacitat\/","name":"Pol\u00edtica de Privacitat | Gesem","isPartOf":{"@id":"https:\/\/gesem.es\/ca\/#website"},"datePublished":"2023-10-16T15:00:37+00:00","dateModified":"2023-10-16T15:00:38+00:00","description":"La nostra pol\u00edtica de privacitat, qualsevol dubte pots contactar amb nosaltres o per consultar els nostres serveis de formaci\u00f3 per a empreses.","breadcrumb":{"@id":"https:\/\/gesem.es\/ca\/politica-de-privacitat\/#breadcrumb"},"inLanguage":"ca","potentialAction":[{"@type":"ReadAction","target":["https:\/\/gesem.es\/ca\/politica-de-privacitat\/"]}]},{"@type":"BreadcrumbList","@id":"https:\/\/gesem.es\/ca\/politica-de-privacitat\/#breadcrumb","itemListElement":[{"@type":"ListItem","position":1,"name":"Portada","item":"https:\/\/gesem.es\/ca\/"},{"@type":"ListItem","position":2,"name":"Pol\u00edtica de Privacitat"}]},{"@type":"WebSite","@id":"https:\/\/gesem.es\/ca\/#website","url":"https:\/\/gesem.es\/ca\/","name":"Gesem \u00b7 Digital &amp; SoftSkills","description":"Formaci\u00f3n y consultoria","publisher":{"@id":"https:\/\/gesem.es\/ca\/#organization"},"potentialAction":[{"@type":"SearchAction","target":{"@type":"EntryPoint","urlTemplate":"https:\/\/gesem.es\/ca\/?s={search_term_string}"},"query-input":{"@type":"PropertyValueSpecification","valueRequired":true,"valueName":"search_term_string"}}],"inLanguage":"ca"},{"@type":"Organization","@id":"https:\/\/gesem.es\/ca\/#organization","name":"Gesem","url":"https:\/\/gesem.es\/ca\/","logo":{"@type":"ImageObject","inLanguage":"ca","@id":"https:\/\/gesem.es\/ca\/#\/schema\/logo\/image\/","url":"https:\/\/gesem.es\/wp-content\/uploads\/2021\/11\/Gesem-Logo-2.png","contentUrl":"https:\/\/gesem.es\/wp-content\/uploads\/2021\/11\/Gesem-Logo-2.png","width":1171,"height":433,"caption":"Gesem"},"image":{"@id":"https:\/\/gesem.es\/ca\/#\/schema\/logo\/image\/"}}]}},"_links":{"self":[{"href":"https:\/\/gesem.es\/ca\/wp-json\/wp\/v2\/pages\/13251","targetHints":{"allow":["GET"]}}],"collection":[{"href":"https:\/\/gesem.es\/ca\/wp-json\/wp\/v2\/pages"}],"about":[{"href":"https:\/\/gesem.es\/ca\/wp-json\/wp\/v2\/types\/page"}],"author":[{"embeddable":true,"href":"https:\/\/gesem.es\/ca\/wp-json\/wp\/v2\/users\/2709"}],"replies":[{"embeddable":true,"href":"https:\/\/gesem.es\/ca\/wp-json\/wp\/v2\/comments?post=13251"}],"version-history":[{"count":1,"href":"https:\/\/gesem.es\/ca\/wp-json\/wp\/v2\/pages\/13251\/revisions"}],"predecessor-version":[{"id":13252,"href":"https:\/\/gesem.es\/ca\/wp-json\/wp\/v2\/pages\/13251\/revisions\/13252"}],"wp:attachment":[{"href":"https:\/\/gesem.es\/ca\/wp-json\/wp\/v2\/media?parent=13251"}],"curies":[{"name":"wp","href":"https:\/\/api.w.org\/{rel}","templated":true}]}}