{"id":13240,"date":"2023-10-16T14:39:39","date_gmt":"2023-10-16T14:39:39","guid":{"rendered":"https:\/\/gesem.es\/declaracio-daccessibilitat\/"},"modified":"2023-10-16T14:41:17","modified_gmt":"2023-10-16T14:41:17","slug":"declaracio-daccessibilitat","status":"publish","type":"page","link":"https:\/\/gesem.es\/ca\/declaracio-daccessibilitat\/","title":{"rendered":"Declaraci\u00f3 d&#8217;accessibilitat"},"content":{"rendered":"<p><span style=\"font-weight: 400;\">GESEM CONSULTORIA I FORMACI\u00d3 S.L. sha comprom\u00e8s a fer accessible el seu lloc web, de conformitat amb el <\/span><a href=\"http:\/\/www.boe.es\/diario_boe\/txt.php?id=BOE-A-2018-12699\"><span style=\"font-weight: 400;\">Reial decret 1112\/2018, de 7 de setembre, sobre accessibilitat dels llocs web i aplicacions per a dispositius m\u00f2bils del sector p\u00fablic.<\/span><\/a><\/p>\n<p>Aquesta declaraci\u00f3 d&#8217;accessibilitat s&#8217;aplica al web https:\/\/gesem.es\/<\/p>\n<p>&nbsp;<\/p>\n<p>SITUACI\u00d3 DE COMPLIMENT<\/p>\n<p>Aquest lloc web \u00e9s parcialment conforme amb el <a href=\"http:\/\/www.boe.es\/diario_boe\/txt.php?id=BOE-A-2018-12699\"><span>RD 1112\/2018<\/span><\/a><span> degut a les excepcions ia la manca de conformitat dels aspectes que s&#8217;indiquen al punt seg\u00fcent.<\/span><\/p>\n<p><b>CONTINGUT NO ACCESSIBLE<\/b><\/p>\n<p>El contingut que es recull a continuaci\u00f3 no \u00e9s accessible pel seg\u00fcent:<\/p>\n<ul>\n<li><b>Manca de conformitat amb el RD 1112\/2018<\/b><\/li>\n<\/ul>\n<p>Podrien existir errors de codi puntuals dedici\u00f3 en alguna p\u00e0gina web. [4.1.1 Processament]<\/p>\n<p>Hi podria haver alguns components de la interf\u00edcie d&#8217;usuari que no estiguin correctament etiquetats. [4.1.2 Nom, funci\u00f3, valor]5.2 Activaci\u00f3 de caracter\u00edstiques d&#8217;accessibilitat (Condicional)<\/p>\n<p>No apliquen els requisits 5. Gen\u00e8rics, ni 6. Veu ni 7. V\u00eddeo ni 10. Documents no web.<\/p>\n<p>PREPARACI\u00d3 DE LA PRESENT DECLARACI\u00d3 D&#8217;ACCESSIBILITAT<\/p>\n<p>Aquesta declaraci\u00f3 va ser preparada el 3 doctubre de 2023.<\/p>\n<p>El m\u00e8tode emprat per preparar la declaraci\u00f3 ha estat una autoavaluaci\u00f3 duta a terme pel mateix responsable del disseny i desenvolupament del lloc web.<\/p>\n<p>La Declaraci\u00f3 d&#8217;Accessibilitat ha estat revisada i actualitzada a l&#8217;octubre del 2023<\/p>\n<p>&nbsp;<\/p>\n<p>OBSERVACIONS I DADES DE CONTACTE<\/p>\n<p>Podeu realitzar comunicacions sobre requisits d&#8217;accessibilitat (article 10.2.a del RD 1112\/2018) com ara:<\/p>\n<ul>\n<li>informar sobre qualsevol possible incompliment per part d&#8217;aquest lloc web<\/li>\n<li>transmetre altres dificultats d&#8217;acc\u00e9s al contingut<\/li>\n<li>formular qualsevol altra consulta o suggeriment de millora relativa a laccessibilitat del lloc web<\/li>\n<\/ul>\n<p><span style=\"font-weight: 400;\">a trav\u00e9s del\u00a0 formulario de contacto de este sitio web o a trav\u00e9s del n\u00famero de tel\u00e9fono (+34) 93 459 30 86.<\/span><\/p>\n<p>Podeu presentar:<\/p>\n<ul>\n<li>Queixa relativa al compliment dels requisits del RD 1112\/2018 o<\/li>\n<\/ul>\n<p>A la Sol\u00b7licitud d&#8217;informaci\u00f3 accessible, cal concretar, amb tota claredat, els fets, les raons i la petici\u00f3 que permetin constatar que es tracta d&#8217;una sol\u00b7licitud raonable i leg\u00edtima.<\/p>\n<p>Les queixes i reclamacions sobre informaci\u00f3 accessible es faran a trav\u00e9s del formulari de contacte, i seran rebudes i tractades per GESEM CONSULTORIA I FORMACI\u00d3 S.L.<\/p>\n<p>&nbsp;<\/p>\n<p>PROCEDIMENT D&#8217;APLICACI\u00d3<\/p>\n<p>Si una vegada realitzada una sol\u00b7licitud d&#8217;informaci\u00f3 accessible o queixa, aquesta ha estat desestimada, no s&#8217;estigu\u00e9s d&#8217;acord amb la decisi\u00f3 adoptada, o la resposta no compl\u00eds els requisits que preveu l&#8217;article 12.5, la persona interessada pot iniciar una reclamaci\u00f3. Igualment, es podr\u00e0 iniciar una reclamaci\u00f3 en cas que hagi transcorregut el termini de vint dies h\u00e0bils sense haver obtingut resposta.<\/p>\n<p>La reclamaci\u00f3 pot ser presentada a trav\u00e9s de la Inst\u00e0ncia Gen\u00e8rica de la Seu electr\u00f2nica del Ministeri d&#8217;Afers Econ\u00f2mics i Transformaci\u00f3 Digital, aix\u00ed com a la resta d&#8217;opcions recollides a la Llei 39\/2015, d&#8217;1 d&#8217;octubre, del Procediment Administratiu Com\u00fa de les Administracions P\u00fabliques. Les reclamacions seran rebudes i tractades per la Subdirecci\u00f3 General dInspecci\u00f3 de Serveis del Ministeri.<\/p>\n<p>CONTINGUT OPCIONAL<\/p>\n<p>Aquest portal est\u00e0 dissenyat per poder canviar la mida del text i el color, aix\u00ed com el fons de la p\u00e0gina mitjan\u00e7ant les opcions de configuraci\u00f3 est\u00e0ndard dels navegadors.<\/p>\n<p>Si voleu canviar el tamany de lletra del text als principals navegadors gr\u00e0fics utilitzeu els men\u00fas seg\u00fcents:<\/p>\n<ul>\n<li>Internet Explorer, Mozilla i Firefox: Veure &gt; Mesura del text<\/li>\n<li>Opera: Veure &gt; Zoom<\/li>\n<li>Safari: Veure &gt; Fer el text m\u00e9s gran<\/li>\n<li>Chrome: Controla la p\u00e0gina actual &gt; Mida del text<\/li>\n<li>Per modificar la mida de tot a la p\u00e0gina:\n<ul>\n<li>Ctrl + + per augmentar-ho<\/li>\n<li>Ctrl + &#8211; per disminuir-ho<\/li>\n<li>Ctrl + 0 restaura la mida original del text<\/li>\n<li>Si el que voleu \u00e9s anul\u00b7lar el full d&#8217;estils o modificar el color del text, podeu consultar la p\u00e0gina How to Change Text Size o Colors de la WAI, que es pot llegir tradu\u00eft a l&#8217;espanyol Com canviar la mida del text o colors?<\/li>\n<\/ul>\n<\/li>\n<\/ul>\n","protected":false},"excerpt":{"rendered":"<p class=\"excerpt\">GESEM CONSULTORIA I FORMACI\u00d3 S.L. sha comprom\u00e8s a fer accessible el seu lloc web, de conformitat amb el Reial decret 1112\/2018, de 7 de setembre, sobre accessibilitat dels llocs web i aplicacions per a dispositius m\u00f2bils del sector p\u00fablic. Aquesta declaraci\u00f3 d&#8217;accessibilitat s&#8217;aplica al web https:\/\/gesem.es\/ &nbsp; SITUACI\u00d3 DE COMPLIMENT Aquest lloc web \u00e9s parcialment [&hellip;]<\/p>\n","protected":false},"author":2709,"featured_media":0,"parent":0,"menu_order":0,"comment_status":"closed","ping_status":"closed","template":"","meta":{"_acf_changed":false,"productId":0,"courseId":0,"footnotes":""},"class_list":["post-13240","page","type-page","status-publish","hentry"],"acf":{"hero_titulo":"","hero_intro":"","hero_boton_texto":"","hero_boton_url":"","hero_imagen_fondo":null,"categorias_titulo":"","intro_contenido":"","cursos_destacados_titulo":"","cursos_destacados":"","cursos_m365_titulo":"","cursos_ofimatica_titulo":"","objetivos_titulo":"","metodologia_titulo":"","beneficios_titulo":"","objetivos_html":"","metodologia_html":"","beneficios_html":"","clientes_titulo":"","contacto_titulo":"","contacto_intro":"","contacto_form_shortcode":"","meta_title":"","meta_description":""},"yoast_head":"<!-- This site is optimized with the Yoast SEO plugin v27.4 - https:\/\/yoast.com\/product\/yoast-seo-wordpress\/ -->\n<title>Declaraci\u00f3 d\u00b4accessibilitat | Gesem<\/title>\n<meta name=\"description\" content=\"Descripci\u00f3 de l&#039;accessibilitat al lloc web de GESEM\" \/>\n<meta name=\"robots\" content=\"index, follow, max-snippet:-1, max-image-preview:large, max-video-preview:-1\" \/>\n<link rel=\"canonical\" href=\"https:\/\/gesem.es\/ca\/declaracio-daccessibilitat\/\" \/>\n<meta property=\"og:locale\" content=\"ca_ES\" \/>\n<meta property=\"og:type\" content=\"article\" \/>\n<meta property=\"og:title\" content=\"Declaraci\u00f3 d\u00b4accessibilitat | Gesem\" \/>\n<meta property=\"og:description\" content=\"Descripci\u00f3 de l&#039;accessibilitat al lloc web de GESEM\" \/>\n<meta property=\"og:url\" content=\"https:\/\/gesem.es\/ca\/declaracio-daccessibilitat\/\" \/>\n<meta property=\"og:site_name\" content=\"Gesem \u00b7 Digital &amp; SoftSkills\" \/>\n<meta property=\"article:modified_time\" content=\"2023-10-16T14:41:17+00:00\" \/>\n<meta name=\"twitter:card\" content=\"summary_large_image\" \/>\n<meta name=\"twitter:label1\" content=\"Temps estimat de lectura\" \/>\n\t<meta name=\"twitter:data1\" content=\"3 minuts\" \/>\n<script type=\"application\/ld+json\" class=\"yoast-schema-graph\">{\"@context\":\"https:\\\/\\\/schema.org\",\"@graph\":[{\"@type\":\"WebPage\",\"@id\":\"https:\\\/\\\/gesem.es\\\/ca\\\/declaracio-daccessibilitat\\\/\",\"url\":\"https:\\\/\\\/gesem.es\\\/ca\\\/declaracio-daccessibilitat\\\/\",\"name\":\"Declaraci\u00f3 d\u00b4accessibilitat | Gesem\",\"isPartOf\":{\"@id\":\"https:\\\/\\\/gesem.es\\\/ca\\\/#website\"},\"datePublished\":\"2023-10-16T14:39:39+00:00\",\"dateModified\":\"2023-10-16T14:41:17+00:00\",\"description\":\"Descripci\u00f3 de l'accessibilitat al lloc web de GESEM\",\"breadcrumb\":{\"@id\":\"https:\\\/\\\/gesem.es\\\/ca\\\/declaracio-daccessibilitat\\\/#breadcrumb\"},\"inLanguage\":\"ca\",\"potentialAction\":[{\"@type\":\"ReadAction\",\"target\":[\"https:\\\/\\\/gesem.es\\\/ca\\\/declaracio-daccessibilitat\\\/\"]}]},{\"@type\":\"BreadcrumbList\",\"@id\":\"https:\\\/\\\/gesem.es\\\/ca\\\/declaracio-daccessibilitat\\\/#breadcrumb\",\"itemListElement\":[{\"@type\":\"ListItem\",\"position\":1,\"name\":\"Portada\",\"item\":\"https:\\\/\\\/gesem.es\\\/ca\\\/\"},{\"@type\":\"ListItem\",\"position\":2,\"name\":\"Declaraci\u00f3 d&#8217;accessibilitat\"}]},{\"@type\":\"WebSite\",\"@id\":\"https:\\\/\\\/gesem.es\\\/ca\\\/#website\",\"url\":\"https:\\\/\\\/gesem.es\\\/ca\\\/\",\"name\":\"Gesem \u00b7 Digital &amp; SoftSkills\",\"description\":\"Formaci\u00f3n y consultoria\",\"publisher\":{\"@id\":\"https:\\\/\\\/gesem.es\\\/ca\\\/#organization\"},\"potentialAction\":[{\"@type\":\"SearchAction\",\"target\":{\"@type\":\"EntryPoint\",\"urlTemplate\":\"https:\\\/\\\/gesem.es\\\/ca\\\/?s={search_term_string}\"},\"query-input\":{\"@type\":\"PropertyValueSpecification\",\"valueRequired\":true,\"valueName\":\"search_term_string\"}}],\"inLanguage\":\"ca\"},{\"@type\":\"Organization\",\"@id\":\"https:\\\/\\\/gesem.es\\\/ca\\\/#organization\",\"name\":\"Gesem\",\"url\":\"https:\\\/\\\/gesem.es\\\/ca\\\/\",\"logo\":{\"@type\":\"ImageObject\",\"inLanguage\":\"ca\",\"@id\":\"https:\\\/\\\/gesem.es\\\/ca\\\/#\\\/schema\\\/logo\\\/image\\\/\",\"url\":\"https:\\\/\\\/gesem.es\\\/wp-content\\\/uploads\\\/2021\\\/11\\\/Gesem-Logo-2.png\",\"contentUrl\":\"https:\\\/\\\/gesem.es\\\/wp-content\\\/uploads\\\/2021\\\/11\\\/Gesem-Logo-2.png\",\"width\":1171,\"height\":433,\"caption\":\"Gesem\"},\"image\":{\"@id\":\"https:\\\/\\\/gesem.es\\\/ca\\\/#\\\/schema\\\/logo\\\/image\\\/\"}}]}<\/script>\n<!-- \/ Yoast SEO plugin. -->","yoast_head_json":{"title":"Declaraci\u00f3 d\u00b4accessibilitat | Gesem","description":"Descripci\u00f3 de l'accessibilitat al lloc web de GESEM","robots":{"index":"index","follow":"follow","max-snippet":"max-snippet:-1","max-image-preview":"max-image-preview:large","max-video-preview":"max-video-preview:-1"},"canonical":"https:\/\/gesem.es\/ca\/declaracio-daccessibilitat\/","og_locale":"ca_ES","og_type":"article","og_title":"Declaraci\u00f3 d\u00b4accessibilitat | Gesem","og_description":"Descripci\u00f3 de l'accessibilitat al lloc web de GESEM","og_url":"https:\/\/gesem.es\/ca\/declaracio-daccessibilitat\/","og_site_name":"Gesem \u00b7 Digital &amp; SoftSkills","article_modified_time":"2023-10-16T14:41:17+00:00","twitter_card":"summary_large_image","twitter_misc":{"Temps estimat de lectura":"3 minuts"},"schema":{"@context":"https:\/\/schema.org","@graph":[{"@type":"WebPage","@id":"https:\/\/gesem.es\/ca\/declaracio-daccessibilitat\/","url":"https:\/\/gesem.es\/ca\/declaracio-daccessibilitat\/","name":"Declaraci\u00f3 d\u00b4accessibilitat | Gesem","isPartOf":{"@id":"https:\/\/gesem.es\/ca\/#website"},"datePublished":"2023-10-16T14:39:39+00:00","dateModified":"2023-10-16T14:41:17+00:00","description":"Descripci\u00f3 de l'accessibilitat al lloc web de GESEM","breadcrumb":{"@id":"https:\/\/gesem.es\/ca\/declaracio-daccessibilitat\/#breadcrumb"},"inLanguage":"ca","potentialAction":[{"@type":"ReadAction","target":["https:\/\/gesem.es\/ca\/declaracio-daccessibilitat\/"]}]},{"@type":"BreadcrumbList","@id":"https:\/\/gesem.es\/ca\/declaracio-daccessibilitat\/#breadcrumb","itemListElement":[{"@type":"ListItem","position":1,"name":"Portada","item":"https:\/\/gesem.es\/ca\/"},{"@type":"ListItem","position":2,"name":"Declaraci\u00f3 d&#8217;accessibilitat"}]},{"@type":"WebSite","@id":"https:\/\/gesem.es\/ca\/#website","url":"https:\/\/gesem.es\/ca\/","name":"Gesem \u00b7 Digital &amp; SoftSkills","description":"Formaci\u00f3n y consultoria","publisher":{"@id":"https:\/\/gesem.es\/ca\/#organization"},"potentialAction":[{"@type":"SearchAction","target":{"@type":"EntryPoint","urlTemplate":"https:\/\/gesem.es\/ca\/?s={search_term_string}"},"query-input":{"@type":"PropertyValueSpecification","valueRequired":true,"valueName":"search_term_string"}}],"inLanguage":"ca"},{"@type":"Organization","@id":"https:\/\/gesem.es\/ca\/#organization","name":"Gesem","url":"https:\/\/gesem.es\/ca\/","logo":{"@type":"ImageObject","inLanguage":"ca","@id":"https:\/\/gesem.es\/ca\/#\/schema\/logo\/image\/","url":"https:\/\/gesem.es\/wp-content\/uploads\/2021\/11\/Gesem-Logo-2.png","contentUrl":"https:\/\/gesem.es\/wp-content\/uploads\/2021\/11\/Gesem-Logo-2.png","width":1171,"height":433,"caption":"Gesem"},"image":{"@id":"https:\/\/gesem.es\/ca\/#\/schema\/logo\/image\/"}}]}},"_links":{"self":[{"href":"https:\/\/gesem.es\/ca\/wp-json\/wp\/v2\/pages\/13240","targetHints":{"allow":["GET"]}}],"collection":[{"href":"https:\/\/gesem.es\/ca\/wp-json\/wp\/v2\/pages"}],"about":[{"href":"https:\/\/gesem.es\/ca\/wp-json\/wp\/v2\/types\/page"}],"author":[{"embeddable":true,"href":"https:\/\/gesem.es\/ca\/wp-json\/wp\/v2\/users\/2709"}],"replies":[{"embeddable":true,"href":"https:\/\/gesem.es\/ca\/wp-json\/wp\/v2\/comments?post=13240"}],"version-history":[{"count":1,"href":"https:\/\/gesem.es\/ca\/wp-json\/wp\/v2\/pages\/13240\/revisions"}],"predecessor-version":[{"id":13242,"href":"https:\/\/gesem.es\/ca\/wp-json\/wp\/v2\/pages\/13240\/revisions\/13242"}],"wp:attachment":[{"href":"https:\/\/gesem.es\/ca\/wp-json\/wp\/v2\/media?parent=13240"}],"curies":[{"name":"wp","href":"https:\/\/api.w.org\/{rel}","templated":true}]}}